{"id":23,"date":"2017-02-08T18:41:17","date_gmt":"2017-02-08T18:41:17","guid":{"rendered":"http:\/\/keydesign-themes.com\/intact\/creative-agency\/?page_id=23"},"modified":"2019-07-03T19:52:41","modified_gmt":"2019-07-03T19:52:41","slug":"services","status":"publish","type":"page","link":"https:\/\/www.atelierdocaractere.pt\/brevemente\/home\/services\/","title":{"rendered":"Servi\u00e7os"},"content":{"rendered":"[vc_row css=&#8221;.vc_custom_1560355519242{margin-bottom: 160px !important;}&#8221;][vc_column css=&#8221;.vc_custom_1486807626963{padding-top: 60px !important;padding-right: 80px !important;padding-bottom: 80px !important;padding-left: 80px !important;background-color: #1f1f1f !important;border-radius: 25px !important;}&#8221;][vc_custom_heading text=&#8221;Servi\u00e7os&#8221; font_container=&#8221;tag:h2|text_align:center|color:%23ffffff&#8221; use_theme_fonts=&#8221;yes&#8221;][vc_custom_heading text=&#8221;Uma ampla oferta de servi\u00e7os, com solu\u00e7\u00f5es criativas que v\u00e3o ao encontro das necessidades, das estrat\u00e9gias e dos objectivos de cada parceiro. Seja na prepara\u00e7\u00e3o e implementa\u00e7\u00e3o de um projecto, seja no desenvolvimento de apenas uma etapa desse processo.&#8221; font_container=&#8221;tag:p|font_size:18px|text_align:center|color:%23ffffff&#8221; use_theme_fonts=&#8221;yes&#8221; css=&#8221;.vc_custom_1559083946562{margin-bottom: 80px !important;}&#8221;][vc_row_inner css=&#8221;.vc_custom_1486807672187{margin-bottom: 60px !important;}&#8221;][vc_column_inner el_class=&#8221;services-communication&#8221; width=&#8221;1\/2&#8243; css=&#8221;.vc_custom_1562182100611{padding-right: 50px !important;}&#8221;][tek_iconbox title=&#8221;Consultoria em Comunica\u00e7\u00e3o&#8221; title_color=&#8221;#ffffff&#8221; box_content_type=&#8221;simple_text&#8221; text_box=&#8221;Analisamos cada oportunidade de comunica\u00e7\u00e3o de forma criteriosa. Adequamos a melhor metodologia, estudamos, propomos e desenvolvemos as solu\u00e7\u00f5es. Avaliando riscos e oportunidades. O sucesso \u00e9 o objectivo!&#8221; text_color=&#8221;#8c8f94&#8243; icon_type=&#8221;icon_browser&#8221; icon_color=&#8221;#ffffff&#8221; icon_size=&#8221;50px&#8221; icon_position=&#8221;icon_left&#8221; custom_link=&#8221;#&#8221; background_type=&#8221;none&#8221; css_animation=&#8221;kd-animated fadeInUp&#8221; icon_library=&#8221;linecons&#8221; icon_style=&#8221;icon_default&#8221; icon_linecons=&#8221;vc_li vc_li-banknote&#8221; icon_fontawesome=&#8221;fa fa-credit-card&#8221;][\/tek_iconbox][\/vc_column_inner][vc_column_inner el_class=&#8221;services-social&#8221; width=&#8221;1\/2&#8243; css=&#8221;.vc_custom_1562182111247{padding-right: 50px !important;}&#8221;][tek_iconbox title=&#8221;Gest\u00e3o de Redes Sociais&#8221; title_color=&#8221;#ffffff&#8221; box_content_type=&#8221;simple_text&#8221; text_box=&#8221;T\u00eam vantagens, mas tamb\u00e9m podem ser impiedosas. E como temos forma\u00e7\u00e3o em comunica\u00e7\u00e3o, experi\u00eancia na \u00e1rea e\u2026 n\u00e3o temos hor\u00e1rios, fins-de-semana, ou f\u00e9rias, somos o parceiro perfeito para gerir uma marca nas redes sociais.&#8221; text_color=&#8221;#8c8f94&#8243; icon_type=&#8221;icon_browser&#8221; icon_color=&#8221;#ffffff&#8221; icon_size=&#8221;50px&#8221; icon_position=&#8221;icon_left&#8221; custom_link=&#8221;#&#8221; background_type=&#8221;none&#8221; css_animation=&#8221;kd-animated fadeInUp&#8221; ib_animation_delay=&#8221;200&#8243; icon_library=&#8221;linecons&#8221; icon_style=&#8221;icon_default&#8221; icon_linecons=&#8221;vc_li vc_li-settings&#8221; icon_fontawesome=&#8221;fa fa-cog&#8221;][\/tek_iconbox][\/vc_column_inner][\/vc_row_inner][vc_row_inner css=&#8221;.vc_custom_1486807664940{margin-bottom: 65px !important;}&#8221;][vc_column_inner el_class=&#8221;services-press&#8221; width=&#8221;1\/2&#8243; css=&#8221;.vc_custom_1562182129486{padding-right: 50px !important;}&#8221;][tek_iconbox title=&#8221;Assessoria de imprensa&#8221; title_color=&#8221;#ffffff&#8221; box_content_type=&#8221;simple_text&#8221; text_box=&#8221;A comunica\u00e7\u00e3o social \u00e9 fundamental para garantir visibilidade e notoriedade. O Atelier do Caractere \u201ctransforma\u201d as oportunidades de comunica\u00e7\u00e3o em not\u00edcias. Com credibilidade e com custos marginais em rela\u00e7\u00e3o \u00e0 publicidade.&#8221; text_color=&#8221;#8c8f94&#8243; icon_type=&#8221;icon_browser&#8221; icon_color=&#8221;#ffffff&#8221; icon_size=&#8221;50px&#8221; icon_position=&#8221;icon_left&#8221; custom_link=&#8221;#&#8221; background_type=&#8221;none&#8221; css_animation=&#8221;kd-animated fadeInUp&#8221; icon_library=&#8221;linecons&#8221; icon_style=&#8221;icon_default&#8221; icon_linecons=&#8221;vc_li vc_li-display&#8221; icon_fontawesome=&#8221;fa fa-desktop&#8221;][\/tek_iconbox][\/vc_column_inner][vc_column_inner el_class=&#8221;services-photography&#8221; width=&#8221;1\/2&#8243; css=&#8221;.vc_custom_1562182122249{padding-right: 50px !important;}&#8221;][tek_iconbox title=&#8221;Fotografia&#8221; title_color=&#8221;#ffffff&#8221; box_content_type=&#8221;simple_text&#8221; text_box=&#8221;Uma imagem vale por mil palavras\u2026 Por raz\u00f5es \u00f3bvias n\u00e3o estamos totalmente de acordo. Mas como defendemos fotografias de elei\u00e7\u00e3o para conte\u00fados de elei\u00e7\u00e3o, um dos melhores fot\u00f3grafos nacionais integra o Atelier do Caractere.&#8221; text_color=&#8221;#8c8f94&#8243; icon_type=&#8221;icon_browser&#8221; icon_color=&#8221;#ffffff&#8221; icon_size=&#8221;50px&#8221; icon_position=&#8221;icon_left&#8221; custom_link=&#8221;#&#8221; background_type=&#8221;none&#8221; css_animation=&#8221;kd-animated fadeInUp&#8221; ib_animation_delay=&#8221;200&#8243; icon_library=&#8221;linecons&#8221; icon_style=&#8221;icon_default&#8221; icon_linecons=&#8221;vc_li vc_li-world&#8221; icon_fontawesome=&#8221;fa fa-life-ring&#8221;][\/tek_iconbox][\/vc_column_inner][\/vc_row_inner][vc_row_inner][vc_column_inner el_class=&#8221;services-events&#8221; width=&#8221;1\/2&#8243;][tek_iconbox title=&#8221;Organiza\u00e7\u00e3o de Eventos&#8221; title_color=&#8221;#ffffff&#8221; box_content_type=&#8221;simple_text&#8221; text_box=&#8221;Hoje, n\u00e3o importa \u201capenas\u201d fidelizar ou conquistar clientes. \u00c9 preciso estreitar dist\u00e2ncias, estabelecer rela\u00e7\u00f5es emocionais\u2026 Uma das solu\u00e7\u00f5es para esta mudan\u00e7a de paradigma s\u00e3o os eventos com assinatura do Atelier do Caractere.&#8221; text_color=&#8221;#8c8f94&#8243; icon_type=&#8221;icon_browser&#8221; icon_color=&#8221;#ffffff&#8221; icon_size=&#8221;50px&#8221; icon_position=&#8221;icon_left&#8221; content_alignment=&#8221;content_left&#8221; custom_link=&#8221;#&#8221; background_type=&#8221;none&#8221; css_animation=&#8221;kd-animated fadeInUp&#8221;][\/tek_iconbox][\/vc_column_inner][vc_column_inner el_class=&#8221;services-content&#8221; width=&#8221;1\/2&#8243;][tek_iconbox title=&#8221;Produ\u00e7\u00e3o de Conte\u00fados&#8221; title_color=&#8221;#ffffff&#8221; box_content_type=&#8221;simple_text&#8221; text_box=&#8221;Textos para folhetos, cat\u00e1logos, s\u00edtios de Internet ou at\u00e9 a edi\u00e7\u00e3o de revistas ou livros. Afinal, A palavra \u00e9 a nossa mat\u00e9ria-prima, a nossa arte. E a escrita a base do nosso trabalho, da nossa criatividade. Qualquer que seja o seu suporte.&#8221; text_color=&#8221;#8c8f94&#8243; icon_type=&#8221;icon_browser&#8221; icon_color=&#8221;#ffffff&#8221; icon_size=&#8221;50px&#8221; icon_position=&#8221;icon_left&#8221; content_alignment=&#8221;content_left&#8221; custom_link=&#8221;#&#8221; background_type=&#8221;none&#8221; css_animation=&#8221;kd-animated fadeInUp&#8221;][\/tek_iconbox][\/vc_column_inner][\/vc_row_inner][\/vc_column][\/vc_row]\n","protected":false},"excerpt":{"rendered":"<p>[vc_row css=&#8221;.vc_custom_1560355519242{margin-bottom: 160px !important;}&#8221;][vc_column css=&#8221;.vc_custom_1486807626963{padding-top: 60px !important;padding-right: 80px !important;padding-bottom: 80px !important;padding-left: 80px !important;background-color: #1f1f1f !important;border-radius: 25px !important;}&#8221;][vc_custom_heading text=&#8221;Servi\u00e7os&#8221; font_container=&#8221;tag:h2|text_align:center|color:%23ffffff&#8221; use_theme_fonts=&#8221;yes&#8221;][vc_custom_heading&#8230;<\/p>\n","protected":false},"author":2,"featured_media":0,"parent":2520,"menu_order":2,"comment_status":"closed","ping_status":"closed","template":"","meta":[],"yoast_head":"<!-- This site is optimized with the Yoast SEO plugin v20.12 - https:\/\/yoast.com\/wordpress\/plugins\/seo\/ -->\n<title>Servi\u00e7os - Atelier do Caractere<\/title>\n<meta name=\"robots\" content=\"index, follow, max-snippet:-1, max-image-preview:large, max-video-preview:-1\" \/>\n<link rel=\"canonical\" href=\"https:\/\/www.atelierdocaractere.pt\/brevemente\/home\/services\/\" \/>\n<meta property=\"og:locale\" content=\"pt_PT\" \/>\n<meta property=\"og:type\" content=\"article\" \/>\n<meta property=\"og:title\" content=\"Servi\u00e7os - Atelier do Caractere\" \/>\n<meta property=\"og:description\" content=\"[vc_row css=&#8221;.vc_custom_1560355519242{margin-bottom: 160px !important;}&#8221;][vc_column css=&#8221;.vc_custom_1486807626963{padding-top: 60px !important;padding-right: 80px !important;padding-bottom: 80px !important;padding-left: 80px !important;background-color: #1f1f1f !important;border-radius: 25px !important;}&#8221;][vc_custom_heading text=&#8221;Servi\u00e7os&#8221; font_container=&#8221;tag:h2|text_align:center|color:%23ffffff&#8221; use_theme_fonts=&#8221;yes&#8221;][vc_custom_heading...\" \/>\n<meta property=\"og:url\" content=\"https:\/\/www.atelierdocaractere.pt\/brevemente\/home\/services\/\" \/>\n<meta property=\"og:site_name\" content=\"Atelier do Caractere\" \/>\n<meta property=\"article:publisher\" content=\"https:\/\/www.facebook.com\/AtelierdoCaractere\" \/>\n<meta property=\"article:modified_time\" content=\"2019-07-03T19:52:41+00:00\" \/>\n<meta name=\"twitter:card\" content=\"summary_large_image\" \/>\n<meta name=\"twitter:label1\" content=\"Tempo estimado de leitura\" \/>\n\t<meta name=\"twitter:data1\" content=\"4 minutos\" \/>\n<script type=\"application\/ld+json\" class=\"yoast-schema-graph\">{\"@context\":\"https:\/\/schema.org\",\"@graph\":[{\"@type\":\"WebPage\",\"@id\":\"https:\/\/www.atelierdocaractere.pt\/brevemente\/home\/services\/\",\"url\":\"https:\/\/www.atelierdocaractere.pt\/brevemente\/home\/services\/\",\"name\":\"Servi\u00e7os - Atelier do Caractere\",\"isPartOf\":{\"@id\":\"https:\/\/www.atelierdocaractere.pt\/brevemente\/#website\"},\"datePublished\":\"2017-02-08T18:41:17+00:00\",\"dateModified\":\"2019-07-03T19:52:41+00:00\",\"breadcrumb\":{\"@id\":\"https:\/\/www.atelierdocaractere.pt\/brevemente\/home\/services\/#breadcrumb\"},\"inLanguage\":\"pt-PT\",\"potentialAction\":[{\"@type\":\"ReadAction\",\"target\":[\"https:\/\/www.atelierdocaractere.pt\/brevemente\/home\/services\/\"]}]},{\"@type\":\"BreadcrumbList\",\"@id\":\"https:\/\/www.atelierdocaractere.pt\/brevemente\/home\/services\/#breadcrumb\",\"itemListElement\":[{\"@type\":\"ListItem\",\"position\":1,\"name\":\"In\u00edcio\",\"item\":\"https:\/\/www.atelierdocaractere.pt\/brevemente\/\"},{\"@type\":\"ListItem\",\"position\":2,\"name\":\"Home\",\"item\":\"https:\/\/www.atelierdocaractere.pt\/brevemente\/home\/\"},{\"@type\":\"ListItem\",\"position\":3,\"name\":\"Servi\u00e7os\"}]},{\"@type\":\"WebSite\",\"@id\":\"https:\/\/www.atelierdocaractere.pt\/brevemente\/#website\",\"url\":\"https:\/\/www.atelierdocaractere.pt\/brevemente\/\",\"name\":\"Atelier do Caractere\",\"description\":\"\",\"potentialAction\":[{\"@type\":\"SearchAction\",\"target\":{\"@type\":\"EntryPoint\",\"urlTemplate\":\"https:\/\/www.atelierdocaractere.pt\/brevemente\/?s={search_term_string}\"},\"query-input\":\"required name=search_term_string\"}],\"inLanguage\":\"pt-PT\"}]}<\/script>\n<!-- \/ Yoast SEO plugin. -->","yoast_head_json":{"title":"Servi\u00e7os - Atelier do Caractere","robots":{"index":"index","follow":"follow","max-snippet":"max-snippet:-1","max-image-preview":"max-image-preview:large","max-video-preview":"max-video-preview:-1"},"canonical":"https:\/\/www.atelierdocaractere.pt\/brevemente\/home\/services\/","og_locale":"pt_PT","og_type":"article","og_title":"Servi\u00e7os - Atelier do Caractere","og_description":"[vc_row css=&#8221;.vc_custom_1560355519242{margin-bottom: 160px !important;}&#8221;][vc_column css=&#8221;.vc_custom_1486807626963{padding-top: 60px !important;padding-right: 80px !important;padding-bottom: 80px !important;padding-left: 80px !important;background-color: #1f1f1f !important;border-radius: 25px !important;}&#8221;][vc_custom_heading text=&#8221;Servi\u00e7os&#8221; font_container=&#8221;tag:h2|text_align:center|color:%23ffffff&#8221; use_theme_fonts=&#8221;yes&#8221;][vc_custom_heading...","og_url":"https:\/\/www.atelierdocaractere.pt\/brevemente\/home\/services\/","og_site_name":"Atelier do Caractere","article_publisher":"https:\/\/www.facebook.com\/AtelierdoCaractere","article_modified_time":"2019-07-03T19:52:41+00:00","twitter_card":"summary_large_image","twitter_misc":{"Tempo estimado de leitura":"4 minutos"},"schema":{"@context":"https:\/\/schema.org","@graph":[{"@type":"WebPage","@id":"https:\/\/www.atelierdocaractere.pt\/brevemente\/home\/services\/","url":"https:\/\/www.atelierdocaractere.pt\/brevemente\/home\/services\/","name":"Servi\u00e7os - Atelier do Caractere","isPartOf":{"@id":"https:\/\/www.atelierdocaractere.pt\/brevemente\/#website"},"datePublished":"2017-02-08T18:41:17+00:00","dateModified":"2019-07-03T19:52:41+00:00","breadcrumb":{"@id":"https:\/\/www.atelierdocaractere.pt\/brevemente\/home\/services\/#breadcrumb"},"inLanguage":"pt-PT","potentialAction":[{"@type":"ReadAction","target":["https:\/\/www.atelierdocaractere.pt\/brevemente\/home\/services\/"]}]},{"@type":"BreadcrumbList","@id":"https:\/\/www.atelierdocaractere.pt\/brevemente\/home\/services\/#breadcrumb","itemListElement":[{"@type":"ListItem","position":1,"name":"In\u00edcio","item":"https:\/\/www.atelierdocaractere.pt\/brevemente\/"},{"@type":"ListItem","position":2,"name":"Home","item":"https:\/\/www.atelierdocaractere.pt\/brevemente\/home\/"},{"@type":"ListItem","position":3,"name":"Servi\u00e7os"}]},{"@type":"WebSite","@id":"https:\/\/www.atelierdocaractere.pt\/brevemente\/#website","url":"https:\/\/www.atelierdocaractere.pt\/brevemente\/","name":"Atelier do Caractere","description":"","potentialAction":[{"@type":"SearchAction","target":{"@type":"EntryPoint","urlTemplate":"https:\/\/www.atelierdocaractere.pt\/brevemente\/?s={search_term_string}"},"query-input":"required name=search_term_string"}],"inLanguage":"pt-PT"}]}},"_links":{"self":[{"href":"https:\/\/www.atelierdocaractere.pt\/brevemente\/wp-json\/wp\/v2\/pages\/23"}],"collection":[{"href":"https:\/\/www.atelierdocaractere.pt\/brevemente\/wp-json\/wp\/v2\/pages"}],"about":[{"href":"https:\/\/www.atelierdocaractere.pt\/brevemente\/wp-json\/wp\/v2\/types\/page"}],"author":[{"embeddable":true,"href":"https:\/\/www.atelierdocaractere.pt\/brevemente\/wp-json\/wp\/v2\/users\/2"}],"replies":[{"embeddable":true,"href":"https:\/\/www.atelierdocaractere.pt\/brevemente\/wp-json\/wp\/v2\/comments?post=23"}],"version-history":[{"count":17,"href":"https:\/\/www.atelierdocaractere.pt\/brevemente\/wp-json\/wp\/v2\/pages\/23\/revisions"}],"predecessor-version":[{"id":6222,"href":"https:\/\/www.atelierdocaractere.pt\/brevemente\/wp-json\/wp\/v2\/pages\/23\/revisions\/6222"}],"up":[{"embeddable":true,"href":"https:\/\/www.atelierdocaractere.pt\/brevemente\/wp-json\/wp\/v2\/pages\/2520"}],"wp:attachment":[{"href":"https:\/\/www.atelierdocaractere.pt\/brevemente\/wp-json\/wp\/v2\/media?parent=23"}],"curies":[{"name":"wp","href":"https:\/\/api.w.org\/{rel}","templated":true}]}}